{"id":9,"date":"2026-03-10T16:08:41","date_gmt":"2026-03-10T15:08:41","guid":{"rendered":"https:\/\/scr-audio.com\/?page_id=9"},"modified":"2026-03-13T10:46:49","modified_gmt":"2026-03-13T09:46:49","slug":"produit","status":"publish","type":"page","link":"https:\/\/scr-audio.com\/index.php\/produit\/","title":{"rendered":"Produit"},"content":{"rendered":"\t\t<div data-elementor-type=\"wp-post\" data-elementor-id=\"9\" class=\"elementor elementor-9\">\n\t\t\t\t<div class=\"elementor-element elementor-element-f4e72ea e-grid e-con-boxed e-con e-parent\" data-id=\"f4e72ea\" data-element_type=\"container\" data-e-type=\"container\">\n\t\t\t\t\t<div class=\"e-con-inner\">\n\t\t\t\t<div class=\"elementor-element elementor-element-8f8e009 elementor-position-top elementor-widget elementor-widget-image-box\" data-id=\"8f8e009\" data-element_type=\"widget\" data-e-type=\"widget\" data-widget_type=\"image-box.default\">\n\t\t\t\t\t<div class=\"elementor-image-box-wrapper\"><figure class=\"elementor-image-box-img\"><img fetchpriority=\"high\" decoding=\"async\" width=\"2000\" height=\"2000\" src=\"https:\/\/scr-audio.com\/wp-content\/uploads\/2026\/03\/FEP-supersound-cap.png\" class=\"attachment-full size-full wp-image-98\" alt=\"\" srcset=\"https:\/\/scr-audio.com\/wp-content\/uploads\/2026\/03\/FEP-supersound-cap.png 2000w, https:\/\/scr-audio.com\/wp-content\/uploads\/2026\/03\/FEP-supersound-cap-300x300.png 300w, https:\/\/scr-audio.com\/wp-content\/uploads\/2026\/03\/FEP-supersound-cap-1024x1024.png 1024w, https:\/\/scr-audio.com\/wp-content\/uploads\/2026\/03\/FEP-supersound-cap-150x150.png 150w, https:\/\/scr-audio.com\/wp-content\/uploads\/2026\/03\/FEP-supersound-cap-768x768.png 768w, https:\/\/scr-audio.com\/wp-content\/uploads\/2026\/03\/FEP-supersound-cap-1536x1536.png 1536w, https:\/\/scr-audio.com\/wp-content\/uploads\/2026\/03\/FEP-supersound-cap-12x12.png 12w\" sizes=\"(max-width: 2000px) 100vw, 2000px\" \/><\/figure><div class=\"elementor-image-box-content\"><h3 class=\"elementor-image-box-title\">FEP Supersound Cap<\/h3><p class=\"elementor-image-box-description\">Grande stabilit\u00e9. Tr\u00e8s faible absorption di\u00e9lectrique. Excellente tenue aux vibrations. Auto-cicatrisant - Non inductif.<\/p><\/div><\/div>\t\t\t\t<\/div>\n\t\t\t\t<div class=\"elementor-element elementor-element-fa6a70b elementor-position-top elementor-widget elementor-widget-image-box\" data-id=\"fa6a70b\" data-element_type=\"widget\" data-e-type=\"widget\" data-widget_type=\"image-box.default\">\n\t\t\t\t\t<div class=\"elementor-image-box-wrapper\"><figure class=\"elementor-image-box-img\"><img decoding=\"async\" width=\"2000\" height=\"2000\" src=\"https:\/\/scr-audio.com\/wp-content\/uploads\/2026\/03\/FEP-tin-foils.png\" class=\"attachment-full size-full wp-image-97\" alt=\"\" srcset=\"https:\/\/scr-audio.com\/wp-content\/uploads\/2026\/03\/FEP-tin-foils.png 2000w, https:\/\/scr-audio.com\/wp-content\/uploads\/2026\/03\/FEP-tin-foils-300x300.png 300w, https:\/\/scr-audio.com\/wp-content\/uploads\/2026\/03\/FEP-tin-foils-1024x1024.png 1024w, https:\/\/scr-audio.com\/wp-content\/uploads\/2026\/03\/FEP-tin-foils-150x150.png 150w, https:\/\/scr-audio.com\/wp-content\/uploads\/2026\/03\/FEP-tin-foils-768x768.png 768w, https:\/\/scr-audio.com\/wp-content\/uploads\/2026\/03\/FEP-tin-foils-1536x1536.png 1536w, https:\/\/scr-audio.com\/wp-content\/uploads\/2026\/03\/FEP-tin-foils-12x12.png 12w\" sizes=\"(max-width: 2000px) 100vw, 2000px\" \/><\/figure><div class=\"elementor-image-box-content\"><h3 class=\"elementor-image-box-title\">FEP &amp; tin foils<\/h3><p class=\"elementor-image-box-description\">Courant efficace tr\u00e8s \u00e9lev\u00e9. Hautes fr\u00e9quences. Temp\u00e9ratures importantes. Non inductif.<\/p><\/div><\/div>\t\t\t\t<\/div>\n\t\t\t\t<div class=\"elementor-element elementor-element-3370e41 elementor-widget__width-initial elementor-position-top elementor-widget elementor-widget-image-box\" data-id=\"3370e41\" data-element_type=\"widget\" data-e-type=\"widget\" data-widget_type=\"image-box.default\">\n\t\t\t\t\t<div class=\"elementor-image-box-wrapper\"><figure class=\"elementor-image-box-img\"><img decoding=\"async\" width=\"2000\" height=\"2000\" src=\"https:\/\/scr-audio.com\/wp-content\/uploads\/2026\/03\/Axial-MKP.png\" class=\"attachment-full size-full wp-image-96\" alt=\"\" srcset=\"https:\/\/scr-audio.com\/wp-content\/uploads\/2026\/03\/Axial-MKP.png 2000w, https:\/\/scr-audio.com\/wp-content\/uploads\/2026\/03\/Axial-MKP-300x300.png 300w, https:\/\/scr-audio.com\/wp-content\/uploads\/2026\/03\/Axial-MKP-1024x1024.png 1024w, https:\/\/scr-audio.com\/wp-content\/uploads\/2026\/03\/Axial-MKP-150x150.png 150w, https:\/\/scr-audio.com\/wp-content\/uploads\/2026\/03\/Axial-MKP-768x768.png 768w, https:\/\/scr-audio.com\/wp-content\/uploads\/2026\/03\/Axial-MKP-1536x1536.png 1536w, https:\/\/scr-audio.com\/wp-content\/uploads\/2026\/03\/Axial-MKP-12x12.png 12w\" sizes=\"(max-width: 2000px) 100vw, 2000px\" \/><\/figure><div class=\"elementor-image-box-content\"><h3 class=\"elementor-image-box-title\">Axial MKP<\/h3><p class=\"elementor-image-box-description\">Performances \u00e9lev\u00e9es. Tr\u00e8s faible facteur de pertes. Auto-cicatrisant - Non inductif - Encombrement r\u00e9duit.<\/p><\/div><\/div>\t\t\t\t<\/div>\n\t\t\t\t<div class=\"elementor-element elementor-element-839e907 elementor-align-center elementor-widget elementor-widget-button\" data-id=\"839e907\" data-element_type=\"widget\" data-e-type=\"widget\" data-widget_type=\"button.default\">\n\t\t\t\t\t\t\t\t\t\t<a class=\"elementor-button elementor-button-link elementor-size-sm\" href=\"https:\/\/scr-audio.com\/wp-content\/uploads\/2026\/03\/E401-FT5-5-FEP-supersound-cap.pdf\">\n\t\t\t\t\t\t<span class=\"elementor-button-content-wrapper\">\n\t\t\t\t\t\t\t\t\t<span class=\"elementor-button-text\">Fiche technique<\/span>\n\t\t\t\t\t<\/span>\n\t\t\t\t\t<\/a>\n\t\t\t\t\t\t\t\t<\/div>\n\t\t\t\t<div class=\"elementor-element elementor-element-e109bf6 elementor-align-center elementor-widget elementor-widget-button\" data-id=\"e109bf6\" data-element_type=\"widget\" data-e-type=\"widget\" data-widget_type=\"button.default\">\n\t\t\t\t\t\t\t\t\t\t<a class=\"elementor-button elementor-button-link elementor-size-sm\" href=\"https:\/\/scr-audio.com\/wp-content\/uploads\/2026\/03\/E401-FT7-5-FEP-armature.pdf\">\n\t\t\t\t\t\t<span class=\"elementor-button-content-wrapper\">\n\t\t\t\t\t\t\t\t\t<span class=\"elementor-button-text\">Fiche technique<\/span>\n\t\t\t\t\t<\/span>\n\t\t\t\t\t<\/a>\n\t\t\t\t\t\t\t\t<\/div>\n\t\t\t\t<div class=\"elementor-element elementor-element-2035097 elementor-align-center elementor-widget elementor-widget-button\" data-id=\"2035097\" data-element_type=\"widget\" data-e-type=\"widget\" data-widget_type=\"button.default\">\n\t\t\t\t\t\t\t\t\t\t<a class=\"elementor-button elementor-button-link elementor-size-sm\" href=\"https:\/\/scr-audio.com\/wp-content\/uploads\/2026\/03\/E401-FT4-4-Axial-MKP.pdf\">\n\t\t\t\t\t\t<span class=\"elementor-button-content-wrapper\">\n\t\t\t\t\t\t\t\t\t<span class=\"elementor-button-text\">Fiche technique<\/span>\n\t\t\t\t\t<\/span>\n\t\t\t\t\t<\/a>\n\t\t\t\t\t\t\t\t<\/div>\n\t\t\t\t\t<\/div>\n\t\t\t\t<\/div>\n\t\t<div class=\"elementor-element elementor-element-2a032c2 e-grid e-con-boxed e-con e-parent\" data-id=\"2a032c2\" data-element_type=\"container\" data-e-type=\"container\">\n\t\t\t\t\t<div class=\"e-con-inner\">\n\t\t\t\t<div class=\"elementor-element elementor-element-afecada elementor-position-top elementor-widget elementor-widget-image-box\" data-id=\"afecada\" data-element_type=\"widget\" data-e-type=\"widget\" data-widget_type=\"image-box.default\">\n\t\t\t\t\t<div class=\"elementor-image-box-wrapper\"><figure class=\"elementor-image-box-img\"><img loading=\"lazy\" decoding=\"async\" width=\"2000\" height=\"2000\" src=\"https:\/\/scr-audio.com\/wp-content\/uploads\/2026\/03\/Smart-cap.png\" class=\"attachment-full size-full wp-image-101\" alt=\"\" srcset=\"https:\/\/scr-audio.com\/wp-content\/uploads\/2026\/03\/Smart-cap.png 2000w, https:\/\/scr-audio.com\/wp-content\/uploads\/2026\/03\/Smart-cap-300x300.png 300w, https:\/\/scr-audio.com\/wp-content\/uploads\/2026\/03\/Smart-cap-1024x1024.png 1024w, https:\/\/scr-audio.com\/wp-content\/uploads\/2026\/03\/Smart-cap-150x150.png 150w, https:\/\/scr-audio.com\/wp-content\/uploads\/2026\/03\/Smart-cap-768x768.png 768w, https:\/\/scr-audio.com\/wp-content\/uploads\/2026\/03\/Smart-cap-1536x1536.png 1536w, https:\/\/scr-audio.com\/wp-content\/uploads\/2026\/03\/Smart-cap-12x12.png 12w\" sizes=\"(max-width: 2000px) 100vw, 2000px\" \/><\/figure><div class=\"elementor-image-box-content\"><h3 class=\"elementor-image-box-title\">Smart Cap<\/h3><p class=\"elementor-image-box-description\">G\u00e9om\u00e9trie modifi\u00e9e: rapport diam\u00e8tre \/ longueur augment\u00e9. R\u00e9duction de 40% du facteur de pertes.<\/p><\/div><\/div>\t\t\t\t<\/div>\n\t\t\t\t<div class=\"elementor-element elementor-element-ae6810b elementor-position-top elementor-widget elementor-widget-image-box\" data-id=\"ae6810b\" data-element_type=\"widget\" data-e-type=\"widget\" data-widget_type=\"image-box.default\">\n\t\t\t\t\t<div class=\"elementor-image-box-wrapper\"><figure class=\"elementor-image-box-img\"><img loading=\"lazy\" decoding=\"async\" width=\"2000\" height=\"2000\" src=\"https:\/\/scr-audio.com\/wp-content\/uploads\/2026\/03\/Silversound.png\" class=\"attachment-full size-full wp-image-100\" alt=\"\" srcset=\"https:\/\/scr-audio.com\/wp-content\/uploads\/2026\/03\/Silversound.png 2000w, https:\/\/scr-audio.com\/wp-content\/uploads\/2026\/03\/Silversound-300x300.png 300w, https:\/\/scr-audio.com\/wp-content\/uploads\/2026\/03\/Silversound-1024x1024.png 1024w, https:\/\/scr-audio.com\/wp-content\/uploads\/2026\/03\/Silversound-150x150.png 150w, https:\/\/scr-audio.com\/wp-content\/uploads\/2026\/03\/Silversound-768x768.png 768w, https:\/\/scr-audio.com\/wp-content\/uploads\/2026\/03\/Silversound-1536x1536.png 1536w, https:\/\/scr-audio.com\/wp-content\/uploads\/2026\/03\/Silversound-12x12.png 12w\" sizes=\"(max-width: 2000px) 100vw, 2000px\" \/><\/figure><div class=\"elementor-image-box-content\"><h3 class=\"elementor-image-box-title\">Silversound<\/h3><p class=\"elementor-image-box-description\">Restitution sonore d\u2019une puret\u00e9 in\u00e9gal\u00e9e. Auto cicatrisant. <\/p><\/div><\/div>\t\t\t\t<\/div>\n\t\t\t\t<div class=\"elementor-element elementor-element-6cd6485 elementor-position-top elementor-widget elementor-widget-image-box\" data-id=\"6cd6485\" data-element_type=\"widget\" data-e-type=\"widget\" data-widget_type=\"image-box.default\">\n\t\t\t\t\t<div class=\"elementor-image-box-wrapper\"><figure class=\"elementor-image-box-img\"><img loading=\"lazy\" decoding=\"async\" width=\"2000\" height=\"2000\" src=\"https:\/\/scr-audio.com\/wp-content\/uploads\/2026\/03\/PP-tin-foils.png\" class=\"attachment-full size-full wp-image-99\" alt=\"\" srcset=\"https:\/\/scr-audio.com\/wp-content\/uploads\/2026\/03\/PP-tin-foils.png 2000w, https:\/\/scr-audio.com\/wp-content\/uploads\/2026\/03\/PP-tin-foils-300x300.png 300w, https:\/\/scr-audio.com\/wp-content\/uploads\/2026\/03\/PP-tin-foils-1024x1024.png 1024w, https:\/\/scr-audio.com\/wp-content\/uploads\/2026\/03\/PP-tin-foils-150x150.png 150w, https:\/\/scr-audio.com\/wp-content\/uploads\/2026\/03\/PP-tin-foils-768x768.png 768w, https:\/\/scr-audio.com\/wp-content\/uploads\/2026\/03\/PP-tin-foils-1536x1536.png 1536w, https:\/\/scr-audio.com\/wp-content\/uploads\/2026\/03\/PP-tin-foils-12x12.png 12w\" sizes=\"(max-width: 2000px) 100vw, 2000px\" \/><\/figure><div class=\"elementor-image-box-content\"><h3 class=\"elementor-image-box-title\">PP &amp; tin foils<\/h3><p class=\"elementor-image-box-description\">Stabilit\u00e9 m\u00e9canique aux vibrations. Hautes performances \u00e9lectriques. Faible inductance et r\u00e9sistance s\u00e9ries<\/p><\/div><\/div>\t\t\t\t<\/div>\n\t\t\t\t<div class=\"elementor-element elementor-element-9999b09 elementor-align-center elementor-widget elementor-widget-button\" data-id=\"9999b09\" data-element_type=\"widget\" data-e-type=\"widget\" data-widget_type=\"button.default\">\n\t\t\t\t\t\t\t\t\t\t<a class=\"elementor-button elementor-button-link elementor-size-sm\" href=\"https:\/\/scr-audio.com\/wp-content\/uploads\/2026\/03\/E401-FT489-2-Smart-cap.pdf\">\n\t\t\t\t\t\t<span class=\"elementor-button-content-wrapper\">\n\t\t\t\t\t\t\t\t\t<span class=\"elementor-button-text\">Fiche technique<\/span>\n\t\t\t\t\t<\/span>\n\t\t\t\t\t<\/a>\n\t\t\t\t\t\t\t\t<\/div>\n\t\t\t\t<div class=\"elementor-element elementor-element-eb9de6d elementor-align-center elementor-widget elementor-widget-button\" data-id=\"eb9de6d\" data-element_type=\"widget\" data-e-type=\"widget\" data-widget_type=\"button.default\">\n\t\t\t\t\t\t\t\t\t\t<a class=\"elementor-button elementor-button-link elementor-size-sm\" href=\"https:\/\/scr-audio.com\/wp-content\/uploads\/2026\/03\/E401-FT366-2-Silversound.pdf\">\n\t\t\t\t\t\t<span class=\"elementor-button-content-wrapper\">\n\t\t\t\t\t\t\t\t\t<span class=\"elementor-button-text\">Fiche technique<\/span>\n\t\t\t\t\t<\/span>\n\t\t\t\t\t<\/a>\n\t\t\t\t\t\t\t\t<\/div>\n\t\t\t\t<div class=\"elementor-element elementor-element-2ff3007 elementor-align-center elementor-widget elementor-widget-button\" data-id=\"2ff3007\" data-element_type=\"widget\" data-e-type=\"widget\" data-widget_type=\"button.default\">\n\t\t\t\t\t\t\t\t\t\t<a class=\"elementor-button elementor-button-link elementor-size-sm\" href=\"https:\/\/scr-audio.com\/wp-content\/uploads\/2026\/03\/E401-FT6-3-PP-etain.pdf\">\n\t\t\t\t\t\t<span class=\"elementor-button-content-wrapper\">\n\t\t\t\t\t\t\t\t\t<span class=\"elementor-button-text\">Fiche technique<\/span>\n\t\t\t\t\t<\/span>\n\t\t\t\t\t<\/a>\n\t\t\t\t\t\t\t\t<\/div>\n\t\t\t\t\t<\/div>\n\t\t\t\t<\/div>\n\t\t\t\t<\/div>\n\t\t","protected":false},"excerpt":{"rendered":"<p>FEP Supersound Cap Grande stabilit\u00e9. Tr\u00e8s faible absorption di\u00e9lectrique. Excellente tenue aux vibrations. Auto-cicatrisant &#8211; Non inductif. FEP &amp; tin [&hellip;]<\/p>\n","protected":false},"author":1,"featured_media":0,"parent":0,"menu_order":2,"comment_status":"closed","ping_status":"closed","template":"","meta":{"site-sidebar-layout":"no-sidebar","site-content-layout":"","ast-site-content-layout":"full-width-container","site-content-style":"default","site-sidebar-style":"default","ast-global-header-display":"","ast-banner-title-visibility":"","ast-main-header-display":"","ast-hfb-above-header-display":"","ast-hfb-below-header-display":"","ast-hfb-mobile-header-display":"","site-post-title":"","ast-breadcrumbs-content":"","ast-featured-img":"disabled","footer-sml-layout":"","ast-disable-related-posts":"","theme-transparent-header-meta":"","adv-header-id-meta":"","stick-header-meta":"","header-above-stick-meta":"","header-main-stick-meta":"","header-below-stick-meta":"","astra-migrate-meta-layouts":"default","ast-page-background-enabled":"default","ast-page-background-meta":{"desktop":{"background-color":"var(--ast-global-color-5)","background-image":"","background-repeat":"repeat","background-position":"center center","background-size":"auto","background-attachment":"scroll","background-type":"","background-media":"","overlay-type":"","overlay-color":"","overlay-opacity":"","overlay-gradient":""},"tablet":{"background-color":"","background-image":"","background-repeat":"repeat","background-position":"center center","background-size":"auto","background-attachment":"scroll","background-type":"","background-media":"","overlay-type":"","overlay-color":"","overlay-opacity":"","overlay-gradient":""},"mobile":{"background-color":"","background-image":"","background-repeat":"repeat","background-position":"center center","background-size":"auto","background-attachment":"scroll","background-type":"","background-media":"","overlay-type":"","overlay-color":"","overlay-opacity":"","overlay-gradient":""}},"ast-content-background-meta":{"desktop":{"background-color":"var(--ast-global-color-4)","background-image":"","background-repeat":"repeat","background-position":"center center","background-size":"auto","background-attachment":"scroll","background-type":"","background-media":"","overlay-type":"","overlay-color":"","overlay-opacity":"","overlay-gradient":""},"tablet":{"background-color":"var(--ast-global-color-4)","background-image":"","background-repeat":"repeat","background-position":"center center","background-size":"auto","background-attachment":"scroll","background-type":"","background-media":"","overlay-type":"","overlay-color":"","overlay-opacity":"","overlay-gradient":""},"mobile":{"background-color":"var(--ast-global-color-4)","background-image":"","background-repeat":"repeat","background-position":"center center","background-size":"auto","background-attachment":"scroll","background-type":"","background-media":"","overlay-type":"","overlay-color":"","overlay-opacity":"","overlay-gradient":""}},"footnotes":""},"class_list":["post-9","page","type-page","status-publish","hentry"],"yoast_head":"<!-- This site is optimized with the Yoast SEO plugin v27.2 - https:\/\/yoast.com\/product\/yoast-seo-wordpress\/ -->\n<title>Produit - SCR AUDIO<\/title>\n<meta name=\"robots\" content=\"index, follow, max-snippet:-1, max-image-preview:large, max-video-preview:-1\" \/>\n<link rel=\"canonical\" href=\"https:\/\/scr-audio.com\/index.php\/produit\/\" \/>\n<meta property=\"og:locale\" content=\"fr_FR\" \/>\n<meta property=\"og:type\" content=\"article\" \/>\n<meta property=\"og:title\" content=\"Produit - SCR AUDIO\" \/>\n<meta property=\"og:description\" content=\"FEP Supersound Cap Grande stabilit\u00e9. Tr\u00e8s faible absorption di\u00e9lectrique. Excellente tenue aux vibrations. Auto-cicatrisant &#8211; Non inductif. FEP &amp; tin [&hellip;]\" \/>\n<meta property=\"og:url\" content=\"https:\/\/scr-audio.com\/index.php\/produit\/\" \/>\n<meta property=\"og:site_name\" content=\"SCR AUDIO\" \/>\n<meta property=\"article:modified_time\" content=\"2026-03-13T09:46:49+00:00\" \/>\n<meta property=\"og:image\" content=\"http:\/\/scr-audio.com\/wp-content\/uploads\/2026\/03\/FEP-supersound-cap.png\" \/>\n<meta name=\"twitter:card\" content=\"summary_large_image\" \/>\n<meta name=\"twitter:label1\" content=\"Dur\u00e9e de lecture estim\u00e9e\" \/>\n\t<meta name=\"twitter:data1\" content=\"2 minutes\" \/>\n<script type=\"application\/ld+json\" class=\"yoast-schema-graph\">{\"@context\":\"https:\/\/schema.org\",\"@graph\":[{\"@type\":\"WebPage\",\"@id\":\"https:\/\/scr-audio.com\/index.php\/produit\/\",\"url\":\"https:\/\/scr-audio.com\/index.php\/produit\/\",\"name\":\"Produit - SCR AUDIO\",\"isPartOf\":{\"@id\":\"https:\/\/scr-audio.com\/#website\"},\"primaryImageOfPage\":{\"@id\":\"https:\/\/scr-audio.com\/index.php\/produit\/#primaryimage\"},\"image\":{\"@id\":\"https:\/\/scr-audio.com\/index.php\/produit\/#primaryimage\"},\"thumbnailUrl\":\"http:\/\/scr-audio.com\/wp-content\/uploads\/2026\/03\/FEP-supersound-cap.png\",\"datePublished\":\"2026-03-10T15:08:41+00:00\",\"dateModified\":\"2026-03-13T09:46:49+00:00\",\"breadcrumb\":{\"@id\":\"https:\/\/scr-audio.com\/index.php\/produit\/#breadcrumb\"},\"inLanguage\":\"fr-FR\",\"potentialAction\":[{\"@type\":\"ReadAction\",\"target\":[\"https:\/\/scr-audio.com\/index.php\/produit\/\"]}]},{\"@type\":\"ImageObject\",\"inLanguage\":\"fr-FR\",\"@id\":\"https:\/\/scr-audio.com\/index.php\/produit\/#primaryimage\",\"url\":\"http:\/\/scr-audio.com\/wp-content\/uploads\/2026\/03\/FEP-supersound-cap.png\",\"contentUrl\":\"http:\/\/scr-audio.com\/wp-content\/uploads\/2026\/03\/FEP-supersound-cap.png\"},{\"@type\":\"BreadcrumbList\",\"@id\":\"https:\/\/scr-audio.com\/index.php\/produit\/#breadcrumb\",\"itemListElement\":[{\"@type\":\"ListItem\",\"position\":1,\"name\":\"Accueil\",\"item\":\"https:\/\/scr-audio.com\/\"},{\"@type\":\"ListItem\",\"position\":2,\"name\":\"Produit\"}]},{\"@type\":\"WebSite\",\"@id\":\"https:\/\/scr-audio.com\/#website\",\"url\":\"https:\/\/scr-audio.com\/\",\"name\":\"SCR AUDIO\",\"description\":\"\",\"publisher\":{\"@id\":\"https:\/\/scr-audio.com\/#organization\"},\"potentialAction\":[{\"@type\":\"SearchAction\",\"target\":{\"@type\":\"EntryPoint\",\"urlTemplate\":\"https:\/\/scr-audio.com\/?s={search_term_string}\"},\"query-input\":{\"@type\":\"PropertyValueSpecification\",\"valueRequired\":true,\"valueName\":\"search_term_string\"}}],\"inLanguage\":\"fr-FR\"},{\"@type\":\"Organization\",\"@id\":\"https:\/\/scr-audio.com\/#organization\",\"name\":\"SCR AUDIO\",\"url\":\"https:\/\/scr-audio.com\/\",\"logo\":{\"@type\":\"ImageObject\",\"inLanguage\":\"fr-FR\",\"@id\":\"https:\/\/scr-audio.com\/#\/schema\/logo\/image\/\",\"url\":\"https:\/\/scr-audio.com\/wp-content\/uploads\/2026\/03\/cropped-AUDIO.png\",\"contentUrl\":\"https:\/\/scr-audio.com\/wp-content\/uploads\/2026\/03\/cropped-AUDIO.png\",\"width\":500,\"height\":167,\"caption\":\"SCR AUDIO\"},\"image\":{\"@id\":\"https:\/\/scr-audio.com\/#\/schema\/logo\/image\/\"}}]}<\/script>\n<!-- \/ Yoast SEO plugin. -->","yoast_head_json":{"title":"Produit - SCR AUDIO","robots":{"index":"index","follow":"follow","max-snippet":"max-snippet:-1","max-image-preview":"max-image-preview:large","max-video-preview":"max-video-preview:-1"},"canonical":"https:\/\/scr-audio.com\/index.php\/produit\/","og_locale":"fr_FR","og_type":"article","og_title":"Produit - SCR AUDIO","og_description":"FEP Supersound Cap Grande stabilit\u00e9. Tr\u00e8s faible absorption di\u00e9lectrique. Excellente tenue aux vibrations. Auto-cicatrisant &#8211; Non inductif. FEP &amp; tin [&hellip;]","og_url":"https:\/\/scr-audio.com\/index.php\/produit\/","og_site_name":"SCR AUDIO","article_modified_time":"2026-03-13T09:46:49+00:00","og_image":[{"url":"http:\/\/scr-audio.com\/wp-content\/uploads\/2026\/03\/FEP-supersound-cap.png","type":"","width":"","height":""}],"twitter_card":"summary_large_image","twitter_misc":{"Dur\u00e9e de lecture estim\u00e9e":"2 minutes"},"schema":{"@context":"https:\/\/schema.org","@graph":[{"@type":"WebPage","@id":"https:\/\/scr-audio.com\/index.php\/produit\/","url":"https:\/\/scr-audio.com\/index.php\/produit\/","name":"Produit - SCR AUDIO","isPartOf":{"@id":"https:\/\/scr-audio.com\/#website"},"primaryImageOfPage":{"@id":"https:\/\/scr-audio.com\/index.php\/produit\/#primaryimage"},"image":{"@id":"https:\/\/scr-audio.com\/index.php\/produit\/#primaryimage"},"thumbnailUrl":"http:\/\/scr-audio.com\/wp-content\/uploads\/2026\/03\/FEP-supersound-cap.png","datePublished":"2026-03-10T15:08:41+00:00","dateModified":"2026-03-13T09:46:49+00:00","breadcrumb":{"@id":"https:\/\/scr-audio.com\/index.php\/produit\/#breadcrumb"},"inLanguage":"fr-FR","potentialAction":[{"@type":"ReadAction","target":["https:\/\/scr-audio.com\/index.php\/produit\/"]}]},{"@type":"ImageObject","inLanguage":"fr-FR","@id":"https:\/\/scr-audio.com\/index.php\/produit\/#primaryimage","url":"http:\/\/scr-audio.com\/wp-content\/uploads\/2026\/03\/FEP-supersound-cap.png","contentUrl":"http:\/\/scr-audio.com\/wp-content\/uploads\/2026\/03\/FEP-supersound-cap.png"},{"@type":"BreadcrumbList","@id":"https:\/\/scr-audio.com\/index.php\/produit\/#breadcrumb","itemListElement":[{"@type":"ListItem","position":1,"name":"Accueil","item":"https:\/\/scr-audio.com\/"},{"@type":"ListItem","position":2,"name":"Produit"}]},{"@type":"WebSite","@id":"https:\/\/scr-audio.com\/#website","url":"https:\/\/scr-audio.com\/","name":"SCR AUDIO","description":"","publisher":{"@id":"https:\/\/scr-audio.com\/#organization"},"potentialAction":[{"@type":"SearchAction","target":{"@type":"EntryPoint","urlTemplate":"https:\/\/scr-audio.com\/?s={search_term_string}"},"query-input":{"@type":"PropertyValueSpecification","valueRequired":true,"valueName":"search_term_string"}}],"inLanguage":"fr-FR"},{"@type":"Organization","@id":"https:\/\/scr-audio.com\/#organization","name":"SCR AUDIO","url":"https:\/\/scr-audio.com\/","logo":{"@type":"ImageObject","inLanguage":"fr-FR","@id":"https:\/\/scr-audio.com\/#\/schema\/logo\/image\/","url":"https:\/\/scr-audio.com\/wp-content\/uploads\/2026\/03\/cropped-AUDIO.png","contentUrl":"https:\/\/scr-audio.com\/wp-content\/uploads\/2026\/03\/cropped-AUDIO.png","width":500,"height":167,"caption":"SCR AUDIO"},"image":{"@id":"https:\/\/scr-audio.com\/#\/schema\/logo\/image\/"}}]}},"_links":{"self":[{"href":"https:\/\/scr-audio.com\/index.php\/wp-json\/wp\/v2\/pages\/9","targetHints":{"allow":["GET"]}}],"collection":[{"href":"https:\/\/scr-audio.com\/index.php\/wp-json\/wp\/v2\/pages"}],"about":[{"href":"https:\/\/scr-audio.com\/index.php\/wp-json\/wp\/v2\/types\/page"}],"author":[{"embeddable":true,"href":"https:\/\/scr-audio.com\/index.php\/wp-json\/wp\/v2\/users\/1"}],"replies":[{"embeddable":true,"href":"https:\/\/scr-audio.com\/index.php\/wp-json\/wp\/v2\/comments?post=9"}],"version-history":[{"count":14,"href":"https:\/\/scr-audio.com\/index.php\/wp-json\/wp\/v2\/pages\/9\/revisions"}],"predecessor-version":[{"id":120,"href":"https:\/\/scr-audio.com\/index.php\/wp-json\/wp\/v2\/pages\/9\/revisions\/120"}],"wp:attachment":[{"href":"https:\/\/scr-audio.com\/index.php\/wp-json\/wp\/v2\/media?parent=9"}],"curies":[{"name":"wp","href":"https:\/\/api.w.org\/{rel}","templated":true}]}}